{"id":160,"date":"2026-01-29T16:12:32","date_gmt":"2026-01-29T15:12:32","guid":{"rendered":"http:\/\/ferienhaus-in-duhnen.de\/?page_id=9"},"modified":"2026-03-03T16:13:43","modified_gmt":"2026-03-03T15:13:43","slug":"preise","status":"publish","type":"page","link":"https:\/\/vino-cuxhaven.de\/?page_id=160","title":{"rendered":"aktuelle Angebote:"},"content":{"rendered":"\n<figure class=\"wp-block-image size-full\"><img loading=\"lazy\" decoding=\"async\" width=\"250\" height=\"250\" src=\"http:\/\/vino-cuxhaven.de\/wp-content\/uploads\/2026\/03\/51_Aktion.png\" alt=\"5+1\" class=\"wp-image-1277\" srcset=\"https:\/\/vino-cuxhaven.de\/wp-content\/uploads\/2026\/03\/51_Aktion.png 250w, https:\/\/vino-cuxhaven.de\/wp-content\/uploads\/2026\/03\/51_Aktion-150x150.png 150w, https:\/\/vino-cuxhaven.de\/wp-content\/uploads\/2026\/03\/51_Aktion-100x100.png 100w\" sizes=\"auto, (max-width: 250px) 100vw, 250px\" \/><\/figure>\n\n\n\n<h1 class=\"wp-block-heading has-text-align-center has-vivid-red-color has-text-color has-link-color wp-elements-803e95269bf2b198b37ceb5a5ff264b6\">WEIN F\u00dcR DEN FR\u00dcHLINGSABEND<\/h1>\n\n\n\n<figure class=\"wp-block-image size-full\"><img loading=\"lazy\" decoding=\"async\" width=\"1749\" height=\"2481\" src=\"http:\/\/vino-cuxhaven.de\/wp-content\/uploads\/2026\/03\/Angeb_Maerz26.png\" alt=\"5+1 Aktion Rivaner\" class=\"wp-image-1272\" style=\"aspect-ratio:1;object-fit:contain\" srcset=\"https:\/\/vino-cuxhaven.de\/wp-content\/uploads\/2026\/03\/Angeb_Maerz26.png 1749w, https:\/\/vino-cuxhaven.de\/wp-content\/uploads\/2026\/03\/Angeb_Maerz26-211x300.png 211w, https:\/\/vino-cuxhaven.de\/wp-content\/uploads\/2026\/03\/Angeb_Maerz26-722x1024.png 722w, https:\/\/vino-cuxhaven.de\/wp-content\/uploads\/2026\/03\/Angeb_Maerz26-768x1089.png 768w, https:\/\/vino-cuxhaven.de\/wp-content\/uploads\/2026\/03\/Angeb_Maerz26-1083x1536.png 1083w, https:\/\/vino-cuxhaven.de\/wp-content\/uploads\/2026\/03\/Angeb_Maerz26-1444x2048.png 1444w, https:\/\/vino-cuxhaven.de\/wp-content\/uploads\/2026\/03\/Angeb_Maerz26-280x397.png 280w, https:\/\/vino-cuxhaven.de\/wp-content\/uploads\/2026\/03\/Angeb_Maerz26-550x780.png 550w\" sizes=\"auto, (max-width: 1749px) 100vw, 1749px\" \/><\/figure>\n\n\n\n<h2 class=\"wp-block-heading has-vivid-red-color has-text-color has-link-color wp-elements-236106f8ff0e644690eb1c1b23cf6278\">Edition Rivaner Baden<\/h2>\n\n\n\n<p class=\"has-black-color has-text-color has-link-color wp-elements-08c5713ade28842729d273acfdb4b32a\">Dezente Zitrus-Aromen und florale Bl\u00fctend\u00fcfte, exotisch an Limetten erinnernd. Am Gaumen frisch und saftig mit milder S\u00e4ure und im Abgang belebende Zitrus-Noten.<br>Zaubert den Sommer ins Glas. Ein herrlich frischer<br>Tischwein, der mit seiner dezenten und fruchtigen Art sehr angenehm zu trinken ist.<br>Passt gut zu leichten Vorspeisen, Salaten,<br>Spargel und Fisch.<\/p>\n\n\n\n<p class=\"has-text-align-center has-vivid-red-color has-text-color has-link-color has-medium-font-size wp-elements-4e4a1cdb1421723b014ce95823d61b76\">Instagram: <a href=\"http:\/\/www.instagram.de\" data-type=\"link\" data-id=\"www.instagram.de\">#vinocuxhaven<\/a><\/p>\n\n\n\n<p class=\"has-text-align-center has-medium-font-size\">Niedersachsenstrasse 12, Neben Meeresfr\u00fcchte Dietzer!<\/p>\n\n\n\n<p class=\"has-text-align-center has-small-font-size\">.<\/p>\n","protected":false},"excerpt":{"rendered":"<p>WEIN F\u00dcR DEN FR\u00dcHLINGSABEND Edition Rivaner Baden Dezente Zitrus-Aromen und florale Bl\u00fctend\u00fcfte, exotisch an Limetten erinnernd. Am Gaumen frisch und saftig mit milder S\u00e4ure und im Abgang belebende Zitrus-Noten.Zaubert den Sommer ins Glas. Ein herrlich frischerTischwein, der mit seiner dezenten und fruchtigen Art sehr angenehm zu trinken ist.Passt gut zu leichten Vorspeisen, Salaten,Spargel und Fisch. [&hellip;]<\/p>\n","protected":false},"author":1,"featured_media":0,"parent":0,"menu_order":0,"comment_status":"closed","ping_status":"open","template":"","meta":{"footnotes":""},"class_list":["post-160","page","type-page","status-publish","hentry"],"_links":{"self":[{"href":"https:\/\/vino-cuxhaven.de\/index.php?rest_route=\/wp\/v2\/pages\/160","targetHints":{"allow":["GET"]}}],"collection":[{"href":"https:\/\/vino-cuxhaven.de\/index.php?rest_route=\/wp\/v2\/pages"}],"about":[{"href":"https:\/\/vino-cuxhaven.de\/index.php?rest_route=\/wp\/v2\/types\/page"}],"author":[{"embeddable":true,"href":"https:\/\/vino-cuxhaven.de\/index.php?rest_route=\/wp\/v2\/users\/1"}],"replies":[{"embeddable":true,"href":"https:\/\/vino-cuxhaven.de\/index.php?rest_route=%2Fwp%2Fv2%2Fcomments&post=160"}],"version-history":[{"count":122,"href":"https:\/\/vino-cuxhaven.de\/index.php?rest_route=\/wp\/v2\/pages\/160\/revisions"}],"predecessor-version":[{"id":1280,"href":"https:\/\/vino-cuxhaven.de\/index.php?rest_route=\/wp\/v2\/pages\/160\/revisions\/1280"}],"wp:attachment":[{"href":"https:\/\/vino-cuxhaven.de\/index.php?rest_route=%2Fwp%2Fv2%2Fmedia&parent=160"}],"curies":[{"name":"wp","href":"https:\/\/api.w.org\/{rel}","templated":true}]}}