{"id":1203,"date":"2026-02-11T14:17:19","date_gmt":"2026-02-11T13:17:19","guid":{"rendered":"http:\/\/vino-cuxhaven.de\/?page_id=1203"},"modified":"2026-02-11T16:46:04","modified_gmt":"2026-02-11T15:46:04","slug":"weinproben","status":"publish","type":"page","link":"https:\/\/vino-cuxhaven.de\/?page_id=1203","title":{"rendered":"Weinproben"},"content":{"rendered":"\n<figure class=\"wp-block-image size-large\"><img loading=\"lazy\" decoding=\"async\" width=\"1024\" height=\"226\" src=\"http:\/\/vino-cuxhaven.de\/wp-content\/uploads\/2026\/02\/WP_1380_300-1024x226.png\" alt=\"Weinprobe\" class=\"wp-image-1202\" srcset=\"https:\/\/vino-cuxhaven.de\/wp-content\/uploads\/2026\/02\/WP_1380_300-1024x226.png 1024w, https:\/\/vino-cuxhaven.de\/wp-content\/uploads\/2026\/02\/WP_1380_300-300x66.png 300w, https:\/\/vino-cuxhaven.de\/wp-content\/uploads\/2026\/02\/WP_1380_300-768x169.png 768w, https:\/\/vino-cuxhaven.de\/wp-content\/uploads\/2026\/02\/WP_1380_300-280x62.png 280w, https:\/\/vino-cuxhaven.de\/wp-content\/uploads\/2026\/02\/WP_1380_300-550x121.png 550w, https:\/\/vino-cuxhaven.de\/wp-content\/uploads\/2026\/02\/WP_1380_300.png 1360w\" sizes=\"auto, (max-width: 1024px) 100vw, 1024px\" \/><\/figure>\n\n\n\n<figure class=\"wp-block-image size-full\"><img loading=\"lazy\" decoding=\"async\" width=\"348\" height=\"153\" src=\"http:\/\/vino-cuxhaven.de\/wp-content\/uploads\/2026\/02\/Rest19_Logo.png\" alt=\"Restaurant 19\" class=\"wp-image-1251\" srcset=\"https:\/\/vino-cuxhaven.de\/wp-content\/uploads\/2026\/02\/Rest19_Logo.png 348w, https:\/\/vino-cuxhaven.de\/wp-content\/uploads\/2026\/02\/Rest19_Logo-300x132.png 300w, https:\/\/vino-cuxhaven.de\/wp-content\/uploads\/2026\/02\/Rest19_Logo-280x123.png 280w\" sizes=\"auto, (max-width: 348px) 100vw, 348px\" \/><\/figure>\n\n\n\n<p class=\"has-vivid-red-color has-text-color has-link-color wp-elements-e758f47b9e18550cd7680d2fd78f6366\" style=\"font-size:26px;font-style:normal;font-weight:600\"><strong>13.03.2026, 18:30 bis 23:00 Uhr<\/strong><\/p>\n\n\n\n<p>Erleben Sie einen entspannten Abend ganz im Zeichen junger K\u00fcche. Freuen Sie sich auf eine Auswahl feiner Weine, die wir gemeinsam verkosten, und genie\u00dfen Sie dazu ein liebevoll zusammengestelltes <br>5-G\u00e4nge-Men\u00fc (125 \u20ac pro Person).\u00a0<br><\/p>\n\n\n\n<p>In gem\u00fctlicher Atmosph\u00e4re laden wir Sie ein, Neues zu entdecken, zu genie\u00dfen und einfach einen sch\u00f6nen Abend mit guten Gespr\u00e4chen zu verbringen.&nbsp;<br><\/p>\n\n\n\n<p class=\"has-vivid-red-color has-text-color has-link-color has-medium-font-size wp-elements-f774b563beb37dc4a31d22feac5b4b62\" style=\"font-style:normal;font-weight:600\"><strong>Ort der Veranstaltung: <\/strong><br><strong>Restaurant Neunzehn<\/strong><br>Deutsche &amp; \u00f6sterreichische Spezialit\u00e4ten, Marktstra\u00dfe 33, 21762 Otterndorf, <br>(Im Altstadthotel Eibsen)<br><\/p>\n\n\n\n<p class=\"has-vivid-red-color has-text-color has-link-color has-medium-font-size wp-elements-fecf0711daaf92960d1ccf88a7e5aa64\" style=\"font-style:normal;font-weight:600\">Tel. +49176 32273221<br><\/p>\n\n\n\n<p class=\"has-vivid-red-color has-text-color has-link-color has-medium-font-size wp-elements-ea1243f714fefc720d5b42c211238f5a\" style=\"font-style:normal;font-weight:600\">Die Pl\u00e4tze sind limitiert. Bitte reservieren Sie rechtzeitig!&nbsp;<br><\/p>\n\n\n\n<p><a href=\"mailto:reservierung@restaurantneunzehn.de\">reservierung@restaurantneunzehn.de<\/a><br><\/p>\n\n\n\n<p>Wir freuen uns auf Sie!<br>&nbsp;<\/p>\n\n\n\n<p style=\"font-style:normal;font-weight:500\">Ihr Team von Vino Weinloft Cuxhaven und Restaurant 19 <\/p>\n","protected":false},"excerpt":{"rendered":"<p>13.03.2026, 18:30 bis 23:00 Uhr Erleben Sie einen entspannten Abend ganz im Zeichen junger K\u00fcche. Freuen Sie sich auf eine Auswahl feiner Weine, die wir gemeinsam verkosten, und genie\u00dfen Sie dazu ein liebevoll zusammengestelltes 5-G\u00e4nge-Men\u00fc (125 \u20ac pro Person).\u00a0 In gem\u00fctlicher Atmosph\u00e4re laden wir Sie ein, Neues zu entdecken, zu genie\u00dfen und einfach einen sch\u00f6nen [&hellip;]<\/p>\n","protected":false},"author":1,"featured_media":1202,"parent":0,"menu_order":0,"comment_status":"closed","ping_status":"closed","template":"","meta":{"footnotes":""},"class_list":["post-1203","page","type-page","status-publish","has-post-thumbnail","hentry"],"_links":{"self":[{"href":"https:\/\/vino-cuxhaven.de\/index.php?rest_route=\/wp\/v2\/pages\/1203","targetHints":{"allow":["GET"]}}],"collection":[{"href":"https:\/\/vino-cuxhaven.de\/index.php?rest_route=\/wp\/v2\/pages"}],"about":[{"href":"https:\/\/vino-cuxhaven.de\/index.php?rest_route=\/wp\/v2\/types\/page"}],"author":[{"embeddable":true,"href":"https:\/\/vino-cuxhaven.de\/index.php?rest_route=\/wp\/v2\/users\/1"}],"replies":[{"embeddable":true,"href":"https:\/\/vino-cuxhaven.de\/index.php?rest_route=%2Fwp%2Fv2%2Fcomments&post=1203"}],"version-history":[{"count":7,"href":"https:\/\/vino-cuxhaven.de\/index.php?rest_route=\/wp\/v2\/pages\/1203\/revisions"}],"predecessor-version":[{"id":1258,"href":"https:\/\/vino-cuxhaven.de\/index.php?rest_route=\/wp\/v2\/pages\/1203\/revisions\/1258"}],"wp:featuredmedia":[{"embeddable":true,"href":"https:\/\/vino-cuxhaven.de\/index.php?rest_route=\/wp\/v2\/media\/1202"}],"wp:attachment":[{"href":"https:\/\/vino-cuxhaven.de\/index.php?rest_route=%2Fwp%2Fv2%2Fmedia&parent=1203"}],"curies":[{"name":"wp","href":"https:\/\/api.w.org\/{rel}","templated":true}]}}